{"id":80,"date":"2021-07-02T11:28:53","date_gmt":"2021-07-02T11:28:53","guid":{"rendered":"https:\/\/mandara.it\/?page_id=80"},"modified":"2022-02-04T18:08:25","modified_gmt":"2022-02-04T18:08:25","slug":"mandara-parking","status":"publish","type":"page","link":"https:\/\/mandara.it\/?page_id=80","title":{"rendered":"Mandara Parking"},"content":{"rendered":"\t\t<div data-elementor-type=\"wp-page\" data-elementor-id=\"80\" class=\"elementor elementor-80\">\n\t\t\t\t\t\t<div class=\"elementor-inner\">\n\t\t\t\t<div class=\"elementor-section-wrap\">\n\t\t\t\t\t\t\t\t\t<section class=\"elementor-section elementor-top-section elementor-element elementor-element-e98f65e elementor-section-full_width elementor-section-height-default elementor-section-height-default\" data-id=\"e98f65e\" data-element_type=\"section\">\n\t\t\t\t\t\t<div class=\"elementor-container elementor-column-gap-default\">\n\t\t\t\t\t\t\t<div class=\"elementor-row\">\n\t\t\t\t\t<div class=\"elementor-column elementor-col-100 elementor-top-column elementor-element elementor-element-4e61648\" data-id=\"4e61648\" data-element_type=\"column\">\n\t\t\t<div class=\"elementor-column-wrap elementor-element-populated\">\n\t\t\t\t\t\t\t<div class=\"elementor-widget-wrap\">\n\t\t\t\t\t\t<div class=\"elementor-element elementor-element-fcdfae6 elementor-widget elementor-widget-text-editor\" data-id=\"fcdfae6\" data-element_type=\"widget\" data-widget_type=\"text-editor.default\">\n\t\t\t\t<div class=\"elementor-widget-container\">\n\t\t\t\t\t\t\t\t<div class=\"elementor-text-editor elementor-clearfix\">\n\t\t\t\t<p>Il Parking Mandara \u00e8 gestito da decenni dalla famiglia Mandara.<\/p><p>Si trova al centro di Positano, \u00e8 aperto 24 ore, offre servizio di parcheggio per : auto, moto, minivan, bus e minibus.<\/p><p>Il Parking Mandara \u00e8 dotato di distributore di carburante, ed offre un servizio di officina meccanica.<\/p><p>Il Parking Mandara offre ampio spazio per gruppi di moto e auto, che possono usufruire di una convenzione con il ristorante valle dei mulini situato a 50 metri dal garage al centro di Positano.<br \/>Spazio per raduni <br \/>Vendita auto <br \/>Ricambio per tutti i tipi di auto<br \/>Colonnine per ricarica elettrica<\/p><p>Il Parking Mandara \u00e8 inoltre il centro di molte manifestazioni che si svolgono a Positano.<\/p>\t\t\t\t\t<\/div>\n\t\t\t\t\t\t<\/div>\n\t\t\t\t<\/div>\n\t\t\t\t\t\t<\/div>\n\t\t\t\t\t<\/div>\n\t\t<\/div>\n\t\t\t\t\t\t\t\t<\/div>\n\t\t\t\t\t<\/div>\n\t\t<\/section>\n\t\t\t\t<section class=\"elementor-section elementor-top-section elementor-element elementor-element-2bb612d elementor-section-full_width elementor-section-height-default elementor-section-height-default\" data-id=\"2bb612d\" data-element_type=\"section\">\n\t\t\t\t\t\t<div class=\"elementor-container elementor-column-gap-default\">\n\t\t\t\t\t\t\t<div class=\"elementor-row\">\n\t\t\t\t\t<div class=\"elementor-column elementor-col-100 elementor-top-column elementor-element elementor-element-d5fcab9\" data-id=\"d5fcab9\" data-element_type=\"column\">\n\t\t\t<div class=\"elementor-column-wrap elementor-element-populated\">\n\t\t\t\t\t\t\t<div class=\"elementor-widget-wrap\">\n\t\t\t\t\t\t<div class=\"elementor-element elementor-element-44e92bd elementor-widget elementor-widget-gallery\" data-id=\"44e92bd\" data-element_type=\"widget\" data-settings=\"{&quot;gallery_layout&quot;:&quot;masonry&quot;,&quot;columns&quot;:3,&quot;lazyload&quot;:&quot;yes&quot;,&quot;columns_tablet&quot;:2,&quot;columns_mobile&quot;:1,&quot;gap&quot;:{&quot;unit&quot;:&quot;px&quot;,&quot;size&quot;:10,&quot;sizes&quot;:[]},&quot;gap_tablet&quot;:{&quot;unit&quot;:&quot;px&quot;,&quot;size&quot;:10,&quot;sizes&quot;:[]},&quot;gap_mobile&quot;:{&quot;unit&quot;:&quot;px&quot;,&quot;size&quot;:10,&quot;sizes&quot;:[]},&quot;link_to&quot;:&quot;file&quot;,&quot;overlay_background&quot;:&quot;yes&quot;,&quot;content_hover_animation&quot;:&quot;fade-in&quot;}\" data-widget_type=\"gallery.default\">\n\t\t\t\t<div class=\"elementor-widget-container\">\n\t\t\t\t\t<div class=\"elementor-gallery__container\">\n\t\t\t\t\t\t\t<a class=\"e-gallery-item elementor-gallery-item elementor-animated-content\" href=\"https:\/\/mandara.it\/wp\/wp-content\/uploads\/2021\/07\/parking_01.jpg\" data-elementor-open-lightbox=\"yes\" data-elementor-lightbox-slideshow=\"all-44e92bd\" data-elementor-lightbox-title=\"parking_01\" e-action-hash=\"#elementor-action%3Aaction%3Dlightbox%26settings%3DeyJpZCI6MTk3LCJ1cmwiOiJodHRwczpcL1wvbWFuZGFyYS5pdFwvd3BcL3dwLWNvbnRlbnRcL3VwbG9hZHNcLzIwMjFcLzA3XC9wYXJraW5nXzAxLmpwZyIsInNsaWRlc2hvdyI6ImFsbC00NGU5MmJkIn0%3D\">\n\t\t\t\t\t<div class=\"e-gallery-image elementor-gallery-item__image\" data-thumbnail=\"https:\/\/mandara.it\/wp\/wp-content\/uploads\/2021\/07\/parking_01.jpg\" data-width=\"1500\" data-height=\"1000\" alt=\"\" ><\/div>\n\t\t\t\t\t\t\t\t\t\t\t<div class=\"elementor-gallery-item__overlay\"><\/div>\n\t\t\t\t\t\t\t\t\t\t\t\t\t\t<\/a>\n\t\t\t\t\t\t\t<a class=\"e-gallery-item elementor-gallery-item elementor-animated-content\" href=\"https:\/\/mandara.it\/wp\/wp-content\/uploads\/2021\/07\/parking_02.jpg\" data-elementor-open-lightbox=\"yes\" data-elementor-lightbox-slideshow=\"all-44e92bd\" data-elementor-lightbox-title=\"parking_02\" e-action-hash=\"#elementor-action%3Aaction%3Dlightbox%26settings%3DeyJpZCI6MTk4LCJ1cmwiOiJodHRwczpcL1wvbWFuZGFyYS5pdFwvd3BcL3dwLWNvbnRlbnRcL3VwbG9hZHNcLzIwMjFcLzA3XC9wYXJraW5nXzAyLmpwZyIsInNsaWRlc2hvdyI6ImFsbC00NGU5MmJkIn0%3D\">\n\t\t\t\t\t<div class=\"e-gallery-image elementor-gallery-item__image\" data-thumbnail=\"https:\/\/mandara.it\/wp\/wp-content\/uploads\/2021\/07\/parking_02.jpg\" data-width=\"1500\" data-height=\"1000\" alt=\"\" ><\/div>\n\t\t\t\t\t\t\t\t\t\t\t<div class=\"elementor-gallery-item__overlay\"><\/div>\n\t\t\t\t\t\t\t\t\t\t\t\t\t\t<\/a>\n\t\t\t\t\t\t\t<a class=\"e-gallery-item elementor-gallery-item elementor-animated-content\" href=\"https:\/\/mandara.it\/wp\/wp-content\/uploads\/2021\/07\/parking_03.jpg\" data-elementor-open-lightbox=\"yes\" data-elementor-lightbox-slideshow=\"all-44e92bd\" data-elementor-lightbox-title=\"parking_03\" e-action-hash=\"#elementor-action%3Aaction%3Dlightbox%26settings%3DeyJpZCI6MTk5LCJ1cmwiOiJodHRwczpcL1wvbWFuZGFyYS5pdFwvd3BcL3dwLWNvbnRlbnRcL3VwbG9hZHNcLzIwMjFcLzA3XC9wYXJraW5nXzAzLmpwZyIsInNsaWRlc2hvdyI6ImFsbC00NGU5MmJkIn0%3D\">\n\t\t\t\t\t<div class=\"e-gallery-image elementor-gallery-item__image\" data-thumbnail=\"https:\/\/mandara.it\/wp\/wp-content\/uploads\/2021\/07\/parking_03.jpg\" data-width=\"1500\" data-height=\"1000\" alt=\"\" ><\/div>\n\t\t\t\t\t\t\t\t\t\t\t<div class=\"elementor-gallery-item__overlay\"><\/div>\n\t\t\t\t\t\t\t\t\t\t\t\t\t\t<\/a>\n\t\t\t\t\t\t\t<a class=\"e-gallery-item elementor-gallery-item elementor-animated-content\" href=\"https:\/\/mandara.it\/wp\/wp-content\/uploads\/2021\/07\/parking_04.jpg\" data-elementor-open-lightbox=\"yes\" data-elementor-lightbox-slideshow=\"all-44e92bd\" data-elementor-lightbox-title=\"parking_04\" e-action-hash=\"#elementor-action%3Aaction%3Dlightbox%26settings%3DeyJpZCI6MjAwLCJ1cmwiOiJodHRwczpcL1wvbWFuZGFyYS5pdFwvd3BcL3dwLWNvbnRlbnRcL3VwbG9hZHNcLzIwMjFcLzA3XC9wYXJraW5nXzA0LmpwZyIsInNsaWRlc2hvdyI6ImFsbC00NGU5MmJkIn0%3D\">\n\t\t\t\t\t<div class=\"e-gallery-image elementor-gallery-item__image\" data-thumbnail=\"https:\/\/mandara.it\/wp\/wp-content\/uploads\/2021\/07\/parking_04.jpg\" data-width=\"1500\" data-height=\"1000\" alt=\"\" ><\/div>\n\t\t\t\t\t\t\t\t\t\t\t<div class=\"elementor-gallery-item__overlay\"><\/div>\n\t\t\t\t\t\t\t\t\t\t\t\t\t\t<\/a>\n\t\t\t\t\t\t\t<a class=\"e-gallery-item elementor-gallery-item elementor-animated-content\" href=\"https:\/\/mandara.it\/wp\/wp-content\/uploads\/2021\/07\/parking_05.jpg\" data-elementor-open-lightbox=\"yes\" data-elementor-lightbox-slideshow=\"all-44e92bd\" data-elementor-lightbox-title=\"parking_05\" e-action-hash=\"#elementor-action%3Aaction%3Dlightbox%26settings%3DeyJpZCI6MjAxLCJ1cmwiOiJodHRwczpcL1wvbWFuZGFyYS5pdFwvd3BcL3dwLWNvbnRlbnRcL3VwbG9hZHNcLzIwMjFcLzA3XC9wYXJraW5nXzA1LmpwZyIsInNsaWRlc2hvdyI6ImFsbC00NGU5MmJkIn0%3D\">\n\t\t\t\t\t<div class=\"e-gallery-image elementor-gallery-item__image\" data-thumbnail=\"https:\/\/mandara.it\/wp\/wp-content\/uploads\/2021\/07\/parking_05.jpg\" data-width=\"1500\" data-height=\"1000\" alt=\"\" ><\/div>\n\t\t\t\t\t\t\t\t\t\t\t<div class=\"elementor-gallery-item__overlay\"><\/div>\n\t\t\t\t\t\t\t\t\t\t\t\t\t\t<\/a>\n\t\t\t\t\t\t\t<a class=\"e-gallery-item elementor-gallery-item elementor-animated-content\" href=\"https:\/\/mandara.it\/wp\/wp-content\/uploads\/2021\/07\/parking_06.jpg\" data-elementor-open-lightbox=\"yes\" data-elementor-lightbox-slideshow=\"all-44e92bd\" data-elementor-lightbox-title=\"parking_06\" e-action-hash=\"#elementor-action%3Aaction%3Dlightbox%26settings%3DeyJpZCI6MjAyLCJ1cmwiOiJodHRwczpcL1wvbWFuZGFyYS5pdFwvd3BcL3dwLWNvbnRlbnRcL3VwbG9hZHNcLzIwMjFcLzA3XC9wYXJraW5nXzA2LmpwZyIsInNsaWRlc2hvdyI6ImFsbC00NGU5MmJkIn0%3D\">\n\t\t\t\t\t<div class=\"e-gallery-image elementor-gallery-item__image\" data-thumbnail=\"https:\/\/mandara.it\/wp\/wp-content\/uploads\/2021\/07\/parking_06.jpg\" data-width=\"1500\" data-height=\"1000\" alt=\"\" ><\/div>\n\t\t\t\t\t\t\t\t\t\t\t<div class=\"elementor-gallery-item__overlay\"><\/div>\n\t\t\t\t\t\t\t\t\t\t\t\t\t\t<\/a>\n\t\t\t\t\t\t\t<a class=\"e-gallery-item elementor-gallery-item elementor-animated-content\" href=\"https:\/\/mandara.it\/wp\/wp-content\/uploads\/2021\/07\/parking_07.jpg\" data-elementor-open-lightbox=\"yes\" data-elementor-lightbox-slideshow=\"all-44e92bd\" data-elementor-lightbox-title=\"parking_07\" e-action-hash=\"#elementor-action%3Aaction%3Dlightbox%26settings%3DeyJpZCI6MjAzLCJ1cmwiOiJodHRwczpcL1wvbWFuZGFyYS5pdFwvd3BcL3dwLWNvbnRlbnRcL3VwbG9hZHNcLzIwMjFcLzA3XC9wYXJraW5nXzA3LmpwZyIsInNsaWRlc2hvdyI6ImFsbC00NGU5MmJkIn0%3D\">\n\t\t\t\t\t<div class=\"e-gallery-image elementor-gallery-item__image\" data-thumbnail=\"https:\/\/mandara.it\/wp\/wp-content\/uploads\/2021\/07\/parking_07.jpg\" data-width=\"1500\" data-height=\"1000\" alt=\"\" ><\/div>\n\t\t\t\t\t\t\t\t\t\t\t<div class=\"elementor-gallery-item__overlay\"><\/div>\n\t\t\t\t\t\t\t\t\t\t\t\t\t\t<\/a>\n\t\t\t\t\t\t\t<a class=\"e-gallery-item elementor-gallery-item elementor-animated-content\" href=\"https:\/\/mandara.it\/wp\/wp-content\/uploads\/2021\/07\/parking_08.jpg\" data-elementor-open-lightbox=\"yes\" data-elementor-lightbox-slideshow=\"all-44e92bd\" data-elementor-lightbox-title=\"parking_08\" e-action-hash=\"#elementor-action%3Aaction%3Dlightbox%26settings%3DeyJpZCI6MjA0LCJ1cmwiOiJodHRwczpcL1wvbWFuZGFyYS5pdFwvd3BcL3dwLWNvbnRlbnRcL3VwbG9hZHNcLzIwMjFcLzA3XC9wYXJraW5nXzA4LmpwZyIsInNsaWRlc2hvdyI6ImFsbC00NGU5MmJkIn0%3D\">\n\t\t\t\t\t<div class=\"e-gallery-image elementor-gallery-item__image\" data-thumbnail=\"https:\/\/mandara.it\/wp\/wp-content\/uploads\/2021\/07\/parking_08.jpg\" data-width=\"1500\" data-height=\"1000\" alt=\"\" ><\/div>\n\t\t\t\t\t\t\t\t\t\t\t<div class=\"elementor-gallery-item__overlay\"><\/div>\n\t\t\t\t\t\t\t\t\t\t\t\t\t\t<\/a>\n\t\t\t\t\t\t\t<a class=\"e-gallery-item elementor-gallery-item elementor-animated-content\" href=\"https:\/\/mandara.it\/wp\/wp-content\/uploads\/2021\/07\/parking_09.jpg\" data-elementor-open-lightbox=\"yes\" data-elementor-lightbox-slideshow=\"all-44e92bd\" data-elementor-lightbox-title=\"parking_09\" e-action-hash=\"#elementor-action%3Aaction%3Dlightbox%26settings%3DeyJpZCI6MjA1LCJ1cmwiOiJodHRwczpcL1wvbWFuZGFyYS5pdFwvd3BcL3dwLWNvbnRlbnRcL3VwbG9hZHNcLzIwMjFcLzA3XC9wYXJraW5nXzA5LmpwZyIsInNsaWRlc2hvdyI6ImFsbC00NGU5MmJkIn0%3D\">\n\t\t\t\t\t<div class=\"e-gallery-image elementor-gallery-item__image\" data-thumbnail=\"https:\/\/mandara.it\/wp\/wp-content\/uploads\/2021\/07\/parking_09.jpg\" data-width=\"1500\" data-height=\"1000\" alt=\"\" ><\/div>\n\t\t\t\t\t\t\t\t\t\t\t<div class=\"elementor-gallery-item__overlay\"><\/div>\n\t\t\t\t\t\t\t\t\t\t\t\t\t\t<\/a>\n\t\t\t\t\t<\/div>\n\t\t\t<\/div>\n\t\t\t\t<\/div>\n\t\t\t\t\t\t<\/div>\n\t\t\t\t\t<\/div>\n\t\t<\/div>\n\t\t\t\t\t\t\t\t<\/div>\n\t\t\t\t\t<\/div>\n\t\t<\/section>\n\t\t\t\t\t\t\t\t\t<\/div>\n\t\t\t<\/div>\n\t\t\t\t\t<\/div>\n\t\t","protected":false},"excerpt":{"rendered":"<p>Il Parking Mandara \u00e8 gestito da decenni dalla famiglia Mandara. Si trova al centro di Positano, \u00e8 aperto 24 ore, offre servizio di parcheggio per : auto, moto, minivan, bus e minibus. Il Parking Mandara \u00e8 dotato di distributore di carburante, ed offre un servizio di officina meccanica. Il Parking Mandara offre ampio spazio per [&hellip;]<\/p>\n","protected":false},"author":1,"featured_media":0,"parent":0,"menu_order":0,"comment_status":"closed","ping_status":"closed","template":"elementor_header_footer","meta":{"ocean_post_layout":"","ocean_both_sidebars_style":"","ocean_both_sidebars_content_width":0,"ocean_both_sidebars_sidebars_width":0,"ocean_sidebar":"","ocean_second_sidebar":"","ocean_disable_margins":"enable","ocean_add_body_class":"","ocean_shortcode_before_top_bar":"","ocean_shortcode_after_top_bar":"","ocean_shortcode_before_header":"","ocean_shortcode_after_header":"","ocean_has_shortcode":"","ocean_shortcode_after_title":"","ocean_shortcode_before_footer_widgets":"","ocean_shortcode_after_footer_widgets":"","ocean_shortcode_before_footer_bottom":"","ocean_shortcode_after_footer_bottom":"","ocean_display_top_bar":"default","ocean_display_header":"default","ocean_header_style":"","ocean_center_header_left_menu":"","ocean_custom_header_template":"","ocean_custom_logo":0,"ocean_custom_retina_logo":0,"ocean_custom_logo_max_width":0,"ocean_custom_logo_tablet_max_width":0,"ocean_custom_logo_mobile_max_width":0,"ocean_custom_logo_max_height":0,"ocean_custom_logo_tablet_max_height":0,"ocean_custom_logo_mobile_max_height":0,"ocean_header_custom_menu":"","ocean_menu_typo_font_family":"","ocean_menu_typo_font_subset":"","ocean_menu_typo_font_size":0,"ocean_menu_typo_font_size_tablet":0,"ocean_menu_typo_font_size_mobile":0,"ocean_menu_typo_font_size_unit":"px","ocean_menu_typo_font_weight":"","ocean_menu_typo_font_weight_tablet":"","ocean_menu_typo_font_weight_mobile":"","ocean_menu_typo_transform":"","ocean_menu_typo_transform_tablet":"","ocean_menu_typo_transform_mobile":"","ocean_menu_typo_line_height":0,"ocean_menu_typo_line_height_tablet":0,"ocean_menu_typo_line_height_mobile":0,"ocean_menu_typo_line_height_unit":"","ocean_menu_typo_spacing":0,"ocean_menu_typo_spacing_tablet":0,"ocean_menu_typo_spacing_mobile":0,"ocean_menu_typo_spacing_unit":"","ocean_menu_link_color":"","ocean_menu_link_color_hover":"","ocean_menu_link_color_active":"","ocean_menu_link_background":"","ocean_menu_link_hover_background":"","ocean_menu_link_active_background":"","ocean_menu_social_links_bg":"","ocean_menu_social_hover_links_bg":"","ocean_menu_social_links_color":"","ocean_menu_social_hover_links_color":"","ocean_disable_title":"default","ocean_disable_heading":"default","ocean_post_title":"","ocean_post_subheading":"","ocean_post_title_style":"","ocean_post_title_background_color":"","ocean_post_title_background":0,"ocean_post_title_bg_image_position":"","ocean_post_title_bg_image_attachment":"","ocean_post_title_bg_image_repeat":"","ocean_post_title_bg_image_size":"","ocean_post_title_height":0,"ocean_post_title_bg_overlay":0.5,"ocean_post_title_bg_overlay_color":"","ocean_disable_breadcrumbs":"default","ocean_breadcrumbs_color":"","ocean_breadcrumbs_separator_color":"","ocean_breadcrumbs_links_color":"","ocean_breadcrumbs_links_hover_color":"","ocean_display_footer_widgets":"default","ocean_display_footer_bottom":"default","ocean_custom_footer_template":""},"_links":{"self":[{"href":"https:\/\/mandara.it\/index.php?rest_route=\/wp\/v2\/pages\/80"}],"collection":[{"href":"https:\/\/mandara.it\/index.php?rest_route=\/wp\/v2\/pages"}],"about":[{"href":"https:\/\/mandara.it\/index.php?rest_route=\/wp\/v2\/types\/page"}],"author":[{"embeddable":true,"href":"https:\/\/mandara.it\/index.php?rest_route=\/wp\/v2\/users\/1"}],"replies":[{"embeddable":true,"href":"https:\/\/mandara.it\/index.php?rest_route=%2Fwp%2Fv2%2Fcomments&post=80"}],"version-history":[{"count":22,"href":"https:\/\/mandara.it\/index.php?rest_route=\/wp\/v2\/pages\/80\/revisions"}],"predecessor-version":[{"id":271,"href":"https:\/\/mandara.it\/index.php?rest_route=\/wp\/v2\/pages\/80\/revisions\/271"}],"wp:attachment":[{"href":"https:\/\/mandara.it\/index.php?rest_route=%2Fwp%2Fv2%2Fmedia&parent=80"}],"curies":[{"name":"wp","href":"https:\/\/api.w.org\/{rel}","templated":true}]}}